{"id":2309,"date":"2022-06-07T10:02:39","date_gmt":"2022-06-07T08:02:39","guid":{"rendered":"https:\/\/www.hsv-leutkirch.info\/?page_id=2309"},"modified":"2023-08-30T09:12:53","modified_gmt":"2023-08-30T07:12:53","slug":"unvergessen","status":"publish","type":"page","link":"https:\/\/www.hsv-leutkirch.info\/index.php\/unvergessen\/","title":{"rendered":"Unvergessen"},"content":{"rendered":"\n<p>\u00a0<\/p>\n<p>\u00a0<\/p>\n\n\n\n<div class=\"wp-block-columns is-layout-flex wp-container-core-columns-is-layout-1 wp-block-columns-is-layout-flex\">\n<div class=\"wp-block-column is-layout-flow wp-block-column-is-layout-flow\">\n<p><strong>Khaya<\/strong><br>*06.01.2010 + 27.06.2023<\/p>\n\n\n\n<p><br>Du warst mein erster Hund und meine treue Begleiterin im Alltag und im Hundesport. Was haben wir nicht alles zusammen entdeckt:  THS, Treibball, Agility, Hoopers, Obedience. Du warst stets an meiner Seite und mit Neugier und Begeisterung dabei.<br> <br>Vielen Dank f\u00fcr 13 wundervolle Jahre !<\/p>\n<\/div>\n\n\n\n<div class=\"wp-block-column is-layout-flow wp-block-column-is-layout-flow\">\n<figure class=\"wp-block-image size-large is-style-default\"><img loading=\"lazy\" decoding=\"async\" width=\"1200\" height=\"750\" src=\"https:\/\/www.hsv-leutkirch.info\/wp-content\/uploads\/2023\/08\/khaya-klein-1200x750.jpg\" alt=\"\" class=\"wp-image-2661\" srcset=\"https:\/\/www.hsv-leutkirch.info\/wp-content\/uploads\/2023\/08\/khaya-klein-1200x750.jpg 1200w, https:\/\/www.hsv-leutkirch.info\/wp-content\/uploads\/2023\/08\/khaya-klein-300x188.jpg 300w, https:\/\/www.hsv-leutkirch.info\/wp-content\/uploads\/2023\/08\/khaya-klein-768x480.jpg 768w, https:\/\/www.hsv-leutkirch.info\/wp-content\/uploads\/2023\/08\/khaya-klein.jpg 1280w\" sizes=\"auto, (max-width: 1200px) 100vw, 1200px\" \/><\/figure>\n<\/div>\n<\/div>\n\n\n\n<hr class=\"wp-block-separator has-text-color has-black-color has-alpha-channel-opacity has-black-background-color has-background is-style-dots\"\/>\n\n\n\n<div class=\"wp-block-columns is-layout-flex wp-container-core-columns-is-layout-2 wp-block-columns-is-layout-flex\">\n<div class=\"wp-block-column is-layout-flow wp-block-column-is-layout-flow\">\n<figure class=\"wp-block-image size-full is-style-default\"><img loading=\"lazy\" decoding=\"async\" width=\"1200\" height=\"800\" src=\"https:\/\/www.hsv-leutkirch.info\/wp-content\/uploads\/2022\/06\/unvergessen-dustin.jpg\" alt=\"\" class=\"wp-image-2340\" srcset=\"https:\/\/www.hsv-leutkirch.info\/wp-content\/uploads\/2022\/06\/unvergessen-dustin.jpg 1200w, https:\/\/www.hsv-leutkirch.info\/wp-content\/uploads\/2022\/06\/unvergessen-dustin-300x200.jpg 300w, https:\/\/www.hsv-leutkirch.info\/wp-content\/uploads\/2022\/06\/unvergessen-dustin-768x512.jpg 768w\" sizes=\"auto, (max-width: 1200px) 100vw, 1200px\" \/><\/figure>\n<\/div>\n\n\n\n<div class=\"wp-block-column is-layout-flow wp-block-column-is-layout-flow\">\n<p>Und die ganze Welt ver\u00e4ndert sich, wenn nur einer  fehlt!<\/p>\n\n\n\n<p><strong>Rubarons Dustin &#8222;P\u00fcppi&#8220;<\/strong><br>*16.04.2010 +18.05.2022<\/p>\n\n\n\n<p>P\u00fcppi teilte mit mir so viel, unter anderem auch unsere Sportart Obedience. Mit viel Ausdauer und Geduld, stets zum Spa\u00df aller, hast Du mich bis in die Seniorenklasse begleitet. <\/p>\n\n\n\n<p>Danke f\u00fcr jeden einzelnen Moment.<br>IN LOVE FOREVER<\/p>\n<\/div>\n<\/div>\n\n\n\n<hr class=\"wp-block-separator has-text-color has-black-color has-alpha-channel-opacity has-black-background-color has-background is-style-dots\"\/>\n\n\n\n<p><\/p>\n\n\n\n<div class=\"wp-block-columns is-layout-flex wp-container-core-columns-is-layout-3 wp-block-columns-is-layout-flex\">\n<div class=\"wp-block-column is-layout-flow wp-block-column-is-layout-flow\" style=\"flex-basis:66.66%\">\n<figure class=\"wp-block-gallery has-nested-images columns-default is-cropped wp-block-gallery-1 is-layout-flex wp-block-gallery-is-layout-flex\">\n<figure class=\"wp-block-image size-large is-style-default\"><img loading=\"lazy\" decoding=\"async\" width=\"600\" height=\"800\" src=\"https:\/\/www.hsv-leutkirch.info\/wp-content\/uploads\/2023\/01\/anton-3.jpg\" alt=\"\" class=\"wp-image-2502\" srcset=\"https:\/\/www.hsv-leutkirch.info\/wp-content\/uploads\/2023\/01\/anton-3.jpg 600w, https:\/\/www.hsv-leutkirch.info\/wp-content\/uploads\/2023\/01\/anton-3-225x300.jpg 225w\" sizes=\"auto, (max-width: 600px) 100vw, 600px\" \/><\/figure>\n\n\n\n<figure class=\"wp-block-image size-large is-style-default\"><img loading=\"lazy\" decoding=\"async\" width=\"600\" height=\"800\" src=\"https:\/\/www.hsv-leutkirch.info\/wp-content\/uploads\/2023\/01\/anton-2.jpg\" alt=\"\" class=\"wp-image-2501\" srcset=\"https:\/\/www.hsv-leutkirch.info\/wp-content\/uploads\/2023\/01\/anton-2.jpg 600w, https:\/\/www.hsv-leutkirch.info\/wp-content\/uploads\/2023\/01\/anton-2-225x300.jpg 225w\" sizes=\"auto, (max-width: 600px) 100vw, 600px\" \/><\/figure>\n\n\n\n<figure class=\"wp-block-image size-large is-style-default\"><img loading=\"lazy\" decoding=\"async\" width=\"600\" height=\"800\" src=\"https:\/\/www.hsv-leutkirch.info\/wp-content\/uploads\/2023\/01\/anton-1.jpg\" alt=\"\" class=\"wp-image-2500\" srcset=\"https:\/\/www.hsv-leutkirch.info\/wp-content\/uploads\/2023\/01\/anton-1.jpg 600w, https:\/\/www.hsv-leutkirch.info\/wp-content\/uploads\/2023\/01\/anton-1-225x300.jpg 225w\" sizes=\"auto, (max-width: 600px) 100vw, 600px\" \/><\/figure>\n<\/figure>\n<\/div>\n\n\n\n<div class=\"wp-block-column is-layout-flow wp-block-column-is-layout-flow\" style=\"flex-basis:33.33%\">\n<p><strong>Anton <\/strong><br>*23.05.2016&nbsp;&nbsp; + 03.02.2022<\/p>\n\n\n\n<p>Du warst ein ganz besonderer Kleiner M\u00fcnsterl\u00e4nder. Leider nur f\u00fcnfeinhalb Jahre hast du mich mit deiner sanften Art begleitet. Im Rally-Obedience und Obedience bis Klasse 2, gerne w\u00e4ren wir auch noch in der 3 gestartet, aber es sollte nicht sein.<\/p>\n\n\n\n<p>Rest in Peace<\/p>\n<\/div>\n<\/div>\n\n\n\n<hr class=\"wp-block-separator has-text-color has-black-color has-alpha-channel-opacity has-black-background-color has-background is-style-dots\"\/>\n\n\n\n<p><\/p>\n\n\n\n<div class=\"wp-block-columns is-layout-flex wp-container-core-columns-is-layout-4 wp-block-columns-is-layout-flex\">\n<div class=\"wp-block-column is-layout-flow wp-block-column-is-layout-flow\">\n<p><strong>Lucky<\/strong>&nbsp;&nbsp; <br>*21.02.2003&nbsp;&nbsp; +21.06.2016<br>Du warst ein gro\u00dfer Dickkopf. Durch nette Menschen auf dem Hundeplatz Leutkirch fanden wir hier unsere Heimat. Erfolgreich waren wir im THS und auch in Obedience bis Klasse 1. Die Klasse 2 war unsere jahrelange Herausforderung, in der du deine ganz eigenen Interpretationen der einzelnen \u00dcbungen immer wieder gezeigt hast. Wir konnten sie erst bestehen, als du schon 11 Jahre alt warst. Du hast mich alles gelehrt, was ich \u00fcber Hunde wei\u00df und daf\u00fcr bin ich dir unendlich dankbar. Von einem \u201eschwierigen\u201c Hund mit ahnungsloser Besitzerin&nbsp; sind wir zu einem Dream-Team geworden.<\/p>\n<\/div>\n\n\n\n<div class=\"wp-block-column is-layout-flow wp-block-column-is-layout-flow\">\n<figure class=\"wp-block-image size-full is-style-default\"><img loading=\"lazy\" decoding=\"async\" width=\"800\" height=\"442\" src=\"https:\/\/www.hsv-leutkirch.info\/wp-content\/uploads\/2023\/01\/lucky.jpg\" alt=\"\" class=\"wp-image-2505\" srcset=\"https:\/\/www.hsv-leutkirch.info\/wp-content\/uploads\/2023\/01\/lucky.jpg 800w, https:\/\/www.hsv-leutkirch.info\/wp-content\/uploads\/2023\/01\/lucky-300x166.jpg 300w, https:\/\/www.hsv-leutkirch.info\/wp-content\/uploads\/2023\/01\/lucky-768x424.jpg 768w\" sizes=\"auto, (max-width: 800px) 100vw, 800px\" \/><\/figure>\n<\/div>\n<\/div>\n","protected":false},"excerpt":{"rendered":"<p>\u00a0 \u00a0 Khaya*06.01.2010 + 27.06.2023 Du warst mein erster Hund und meine treue Begleiterin im Alltag und im Hundesport. Was haben wir nicht alles zusammen entdeckt: THS, Treibball, Agility, Hoopers, Obedience. Du warst stets an meiner Seite und mit Neugier und Begeisterung dabei. Vielen Dank f\u00fcr 13 wundervolle Jahre !<a class=\"read-more\" href=\"https:\/\/www.hsv-leutkirch.info\/index.php\/unvergessen\/\"> mehr&#8230;<\/a><\/p>\n","protected":false},"author":1,"featured_media":0,"parent":0,"menu_order":0,"comment_status":"closed","ping_status":"closed","template":"","meta":{"_acf_changed":false,"footnotes":""},"class_list":["post-2309","page","type-page","status-publish","hentry"],"acf":[],"_links":{"self":[{"href":"https:\/\/www.hsv-leutkirch.info\/index.php\/wp-json\/wp\/v2\/pages\/2309","targetHints":{"allow":["GET"]}}],"collection":[{"href":"https:\/\/www.hsv-leutkirch.info\/index.php\/wp-json\/wp\/v2\/pages"}],"about":[{"href":"https:\/\/www.hsv-leutkirch.info\/index.php\/wp-json\/wp\/v2\/types\/page"}],"author":[{"embeddable":true,"href":"https:\/\/www.hsv-leutkirch.info\/index.php\/wp-json\/wp\/v2\/users\/1"}],"replies":[{"embeddable":true,"href":"https:\/\/www.hsv-leutkirch.info\/index.php\/wp-json\/wp\/v2\/comments?post=2309"}],"version-history":[{"count":18,"href":"https:\/\/www.hsv-leutkirch.info\/index.php\/wp-json\/wp\/v2\/pages\/2309\/revisions"}],"predecessor-version":[{"id":2666,"href":"https:\/\/www.hsv-leutkirch.info\/index.php\/wp-json\/wp\/v2\/pages\/2309\/revisions\/2666"}],"wp:attachment":[{"href":"https:\/\/www.hsv-leutkirch.info\/index.php\/wp-json\/wp\/v2\/media?parent=2309"}],"curies":[{"name":"wp","href":"https:\/\/api.w.org\/{rel}","templated":true}]}}