{"id":2031,"date":"2021-10-10T10:50:33","date_gmt":"2021-10-10T08:50:33","guid":{"rendered":"https:\/\/www.hsv-leutkirch.info\/?page_id=2031"},"modified":"2026-04-05T17:07:51","modified_gmt":"2026-04-05T15:07:51","slug":"rally-obedience","status":"publish","type":"page","link":"https:\/\/www.hsv-leutkirch.info\/index.php\/rally-obedience\/","title":{"rendered":"Rally Obedience"},"content":{"rendered":"\r\n<p><strong>Training:<br \/>\r\n<\/strong>Samstag 14:00 &#8211; 15.00 Uhr\u00a0<\/p>\r\n<p><strong>Trainer:<br \/>\r\n<\/strong>Martina Peter<\/p>\r\n<p>Rally Obedience kommt aus den USA und ist in Deutschland rasch zu einem erfolgreichen Hundesport geworden. Kein Wunder, denn dieser dieser abwechslungsreiche Hundesport eignet sich f\u00fcr fast jeden und erfordert nur wenig Zubeh\u00f6r.<\/p>\r\n<p>Beim Rally Obedience durchl\u00e4uft das Mensch\/Hund Team einen Parcours, dessen Stationen durch einzelne oder mehrere Schilder markiert sind.\u00a0 Die Schilder zeigen, was an dieser Station zu tun ist. Sitz, Platz oder Steh, Richtungs\u00e4nderungen um 90\u00b0, 180\u00b0 und 270\u00b0 , Slalom um Pylonen, ein Sprung \u00fcber die H\u00fcrde und vieles mehr.<\/p>\r\n<p>Der Schwierigkeitsgrad und die Zahl der Schilder ist abh\u00e4ngig von der jeweiligen Leistungsklasse: Beginner, Klasse 1, Klasse 2, Klasse 3, Senioren und Junioren. Das Sch\u00f6ne an diesem Sport: Mensch und Hund d\u00fcrfen w\u00e4hrend des gesamten Parcours miteinander kommunizieren. Es darf motiviert, gelobt und und an manchen Stationen sogar mit Futter best\u00e4tigt werden.<\/p>\r\n<p>Am Ende wird das Team nach Punkten und Zeit von einem Leistungsrichter bewertet.\u00a0<\/p>\r\n<p>&nbsp;<\/p>\r\n","protected":false},"excerpt":{"rendered":"<p>Training: Samstag 14:00 &#8211; 15.00 Uhr\u00a0 Trainer: Martina Peter Rally Obedience kommt aus den USA und ist in Deutschland rasch zu einem erfolgreichen Hundesport geworden. Kein Wunder, denn dieser dieser abwechslungsreiche Hundesport eignet sich f\u00fcr fast jeden und erfordert nur wenig Zubeh\u00f6r. Beim Rally Obedience durchl\u00e4uft das Mensch\/Hund Team einen<a class=\"read-more\" href=\"https:\/\/www.hsv-leutkirch.info\/index.php\/rally-obedience\/\"> mehr&#8230;<\/a><\/p>\n","protected":false},"author":1,"featured_media":0,"parent":0,"menu_order":0,"comment_status":"closed","ping_status":"closed","template":"","meta":{"_acf_changed":false,"footnotes":""},"class_list":["post-2031","page","type-page","status-publish","hentry"],"acf":[],"_links":{"self":[{"href":"https:\/\/www.hsv-leutkirch.info\/index.php\/wp-json\/wp\/v2\/pages\/2031","targetHints":{"allow":["GET"]}}],"collection":[{"href":"https:\/\/www.hsv-leutkirch.info\/index.php\/wp-json\/wp\/v2\/pages"}],"about":[{"href":"https:\/\/www.hsv-leutkirch.info\/index.php\/wp-json\/wp\/v2\/types\/page"}],"author":[{"embeddable":true,"href":"https:\/\/www.hsv-leutkirch.info\/index.php\/wp-json\/wp\/v2\/users\/1"}],"replies":[{"embeddable":true,"href":"https:\/\/www.hsv-leutkirch.info\/index.php\/wp-json\/wp\/v2\/comments?post=2031"}],"version-history":[{"count":10,"href":"https:\/\/www.hsv-leutkirch.info\/index.php\/wp-json\/wp\/v2\/pages\/2031\/revisions"}],"predecessor-version":[{"id":3192,"href":"https:\/\/www.hsv-leutkirch.info\/index.php\/wp-json\/wp\/v2\/pages\/2031\/revisions\/3192"}],"wp:attachment":[{"href":"https:\/\/www.hsv-leutkirch.info\/index.php\/wp-json\/wp\/v2\/media?parent=2031"}],"curies":[{"name":"wp","href":"https:\/\/api.w.org\/{rel}","templated":true}]}}