{"id":199,"date":"2016-12-30T11:23:26","date_gmt":"2016-12-30T10:23:26","guid":{"rendered":"http:\/\/www.hsv-leutkirch.info\/\/?page_id=199"},"modified":"2026-04-06T07:26:47","modified_gmt":"2026-04-06T05:26:47","slug":"neueinsteiger-2","status":"publish","type":"page","link":"https:\/\/www.hsv-leutkirch.info\/index.php\/neueinsteiger-2\/","title":{"rendered":"Anf\u00e4nger"},"content":{"rendered":"<p><strong>Trainer:<br \/>\r\n<\/strong>Yvonne Reder<\/p>\r\n<p><strong>Trainingszeiten:<br \/>\r\n<\/strong>Samstag<br \/>\r\n13.00 Uhr bis 14.00 Uhr Anf\u00e4nger\u00a0<\/p>\r\n<p><strong>Anmeldung:<br \/>\r\n<\/strong>Yvonne Reder: 0171-6215811<br \/>\r\nVolker Ulrich: 0173-7254173<\/p>\r\n<p>Anmeldungen k\u00f6nnen telefonisch jeden Tag von 09:00 &#8211; 12:00 Uhr erfolgen oder jederzeit per WhatsApp oder per E-Mail.<\/p>\r\n<p>Diese Gruppen sind f\u00fcr alle gedacht, die nach der Welpengruppe weiter machen wollen oder neu in den Hundesport und in den Verein einsteigen m\u00f6chten. Anf\u00e4nger sind hier genauso willkommen wie Hundef\u00fchrer, die nach l\u00e4ngerer Pause wieder etwas mit ihrem Hund machen wollen. Auch bei konkreten Problemen sind Sie hier richtig. Hier k\u00f6nnen Sie den Verein und unsere Trainingsmethoden kennen lernen.<\/p>\r\n\r\n<figure class=\"wp-block-image size-full\"><img loading=\"lazy\" decoding=\"async\" width=\"1000\" height=\"667\" class=\"wp-image-336\" src=\"https:\/\/www.hsv-leutkirch.info\/wp-content\/uploads\/2016\/12\/neueinsteiger.jpg\" alt=\"\" srcset=\"https:\/\/www.hsv-leutkirch.info\/wp-content\/uploads\/2016\/12\/neueinsteiger.jpg 1000w, https:\/\/www.hsv-leutkirch.info\/wp-content\/uploads\/2016\/12\/neueinsteiger-300x200.jpg 300w, https:\/\/www.hsv-leutkirch.info\/wp-content\/uploads\/2016\/12\/neueinsteiger-768x512.jpg 768w\" sizes=\"auto, (max-width: 1000px) 100vw, 1000px\" \/><\/figure>\r\n","protected":false},"excerpt":{"rendered":"<p>Trainer: Yvonne Reder Trainingszeiten: Samstag 13.00 Uhr bis 14.00 Uhr Anf\u00e4nger\u00a0 Anmeldung: Yvonne Reder: 0171-6215811 Volker Ulrich: 0173-7254173 Anmeldungen k\u00f6nnen telefonisch jeden Tag von 09:00 &#8211; 12:00 Uhr erfolgen oder jederzeit per WhatsApp oder per E-Mail. Diese Gruppen sind f\u00fcr alle gedacht, die nach der Welpengruppe weiter machen wollen oder<a class=\"read-more\" href=\"https:\/\/www.hsv-leutkirch.info\/index.php\/neueinsteiger-2\/\"> mehr&#8230;<\/a><\/p>\n","protected":false},"author":1,"featured_media":0,"parent":0,"menu_order":0,"comment_status":"closed","ping_status":"closed","template":"","meta":{"_acf_changed":false,"footnotes":""},"class_list":["post-199","page","type-page","status-publish","hentry"],"acf":[],"_links":{"self":[{"href":"https:\/\/www.hsv-leutkirch.info\/index.php\/wp-json\/wp\/v2\/pages\/199","targetHints":{"allow":["GET"]}}],"collection":[{"href":"https:\/\/www.hsv-leutkirch.info\/index.php\/wp-json\/wp\/v2\/pages"}],"about":[{"href":"https:\/\/www.hsv-leutkirch.info\/index.php\/wp-json\/wp\/v2\/types\/page"}],"author":[{"embeddable":true,"href":"https:\/\/www.hsv-leutkirch.info\/index.php\/wp-json\/wp\/v2\/users\/1"}],"replies":[{"embeddable":true,"href":"https:\/\/www.hsv-leutkirch.info\/index.php\/wp-json\/wp\/v2\/comments?post=199"}],"version-history":[{"count":27,"href":"https:\/\/www.hsv-leutkirch.info\/index.php\/wp-json\/wp\/v2\/pages\/199\/revisions"}],"predecessor-version":[{"id":3195,"href":"https:\/\/www.hsv-leutkirch.info\/index.php\/wp-json\/wp\/v2\/pages\/199\/revisions\/3195"}],"wp:attachment":[{"href":"https:\/\/www.hsv-leutkirch.info\/index.php\/wp-json\/wp\/v2\/media?parent=199"}],"curies":[{"name":"wp","href":"https:\/\/api.w.org\/{rel}","templated":true}]}}