{"id":185,"date":"2016-12-30T10:05:05","date_gmt":"2016-12-30T09:05:05","guid":{"rendered":"http:\/\/www.hsv-leutkirch.info\/\/?page_id=185"},"modified":"2025-09-24T11:15:06","modified_gmt":"2025-09-24T09:15:06","slug":"downloadslinks","status":"publish","type":"page","link":"https:\/\/www.hsv-leutkirch.info\/index.php\/downloadslinks\/","title":{"rendered":"Downloads\/Links"},"content":{"rendered":"<p><a href=\"https:\/\/www.hsv-leutkirch.info\/wp-content\/uploads\/2019\/02\/SatzungHSV2011.pdf\" target=\"_blank\" rel=\"noopener noreferrer\">Satzung HSV Leutkirch 2011<\/a><\/p>\n<p><a href=\"https:\/\/www.hsv-leutkirch.info\/wp-content\/uploads\/2019\/02\/110219_Datenschutzordnung-des-HSV-Leutkirch.pdf\" target=\"_blank\" rel=\"noopener noreferrer\">Datenschutzordnung des HSV Leutkirch<\/a><\/p>\n<p>*************************************************<\/p>\n<p><a href=\"https:\/\/www.hsv-leutkirch.info\/wp-content\/uploads\/2022\/02\/AnmeldungskarteObi_mit_Senior_2021_PC.pdf\" target=\"_blank\" rel=\"noopener\">Anmeldungskarte Obedience mit Senioren und R\u00fcckstufung<\/a><\/p>\n<p><a href=\"https:\/\/dvg-hundesport.de\/file\/aa8184087cc03551017d131879ca2180.de.0\/vdh_fci_obedience_po_ab_01_01_25.pdf\" target=\"_blank\" rel=\"attachment noopener wp-att-2185\">Pr\u00fcfungsordnung Obedience ab 01.01.2025<\/a><\/p>\n<p><a href=\"https:\/\/www.hsv-leutkirch.info\/wp-content\/uploads\/2024\/12\/UTI-REG-IGP-de-2025_1.12_.pdf\" target=\"_blank\" rel=\"noopener\">Pr\u00fcfungsordnung IGP (Begleithundepr\u00fcfung mit VT)<\/a><\/p>\n<p>*************************************************<\/p>\n<p><a href=\"http:\/\/www.swhv.de\" target=\"_blank\" rel=\"noopener noreferrer\">swhv S\u00fcdwestdeutscher Hundesportverband<\/a><\/p>\n<p><a href=\"http:\/\/www.vdh.de\" target=\"_blank\" rel=\"noopener noreferrer\">VDH Verband f\u00fcr das Deutsche Hundewesen<\/a><\/p>\n<p><a href=\"https:\/\/www.hsv-leutkirch.info\/wp-content\/uploads\/2025\/09\/VDH_PO_THS_2025_2024-11-01_V1-0b.pdf\" target=\"_blank\" rel=\"noopener noreferrer\">Pr\u00fcfungsordnung Turnierhundsport VDH<\/a><\/p>\n","protected":false},"excerpt":{"rendered":"<p>Satzung HSV Leutkirch 2011 Datenschutzordnung des HSV Leutkirch ************************************************* Anmeldungskarte Obedience mit Senioren und R\u00fcckstufung Pr\u00fcfungsordnung Obedience ab 01.01.2025 Pr\u00fcfungsordnung IGP (Begleithundepr\u00fcfung mit VT) ************************************************* swhv S\u00fcdwestdeutscher Hundesportverband VDH Verband f\u00fcr das Deutsche Hundewesen Pr\u00fcfungsordnung Turnierhundsport VDH<\/p>\n","protected":false},"author":1,"featured_media":0,"parent":0,"menu_order":0,"comment_status":"closed","ping_status":"closed","template":"","meta":{"_acf_changed":false,"footnotes":""},"class_list":["post-185","page","type-page","status-publish","hentry"],"acf":[],"_links":{"self":[{"href":"https:\/\/www.hsv-leutkirch.info\/index.php\/wp-json\/wp\/v2\/pages\/185","targetHints":{"allow":["GET"]}}],"collection":[{"href":"https:\/\/www.hsv-leutkirch.info\/index.php\/wp-json\/wp\/v2\/pages"}],"about":[{"href":"https:\/\/www.hsv-leutkirch.info\/index.php\/wp-json\/wp\/v2\/types\/page"}],"author":[{"embeddable":true,"href":"https:\/\/www.hsv-leutkirch.info\/index.php\/wp-json\/wp\/v2\/users\/1"}],"replies":[{"embeddable":true,"href":"https:\/\/www.hsv-leutkirch.info\/index.php\/wp-json\/wp\/v2\/comments?post=185"}],"version-history":[{"count":20,"href":"https:\/\/www.hsv-leutkirch.info\/index.php\/wp-json\/wp\/v2\/pages\/185\/revisions"}],"predecessor-version":[{"id":3097,"href":"https:\/\/www.hsv-leutkirch.info\/index.php\/wp-json\/wp\/v2\/pages\/185\/revisions\/3097"}],"wp:attachment":[{"href":"https:\/\/www.hsv-leutkirch.info\/index.php\/wp-json\/wp\/v2\/media?parent=185"}],"curies":[{"name":"wp","href":"https:\/\/api.w.org\/{rel}","templated":true}]}}