{"id":18,"date":"2016-12-18T10:59:28","date_gmt":"2016-12-18T09:59:28","guid":{"rendered":"http:\/\/www.hsv-leutkirch.info\/\/?page_id=18"},"modified":"2023-11-27T11:27:08","modified_gmt":"2023-11-27T10:27:08","slug":"abteilungen","status":"publish","type":"page","link":"https:\/\/www.hsv-leutkirch.info\/index.php\/abteilungen\/","title":{"rendered":"Abteilungen"},"content":{"rendered":"<p>Seit vielen Jahren bietet der\u00a0Hundesportverein Leutkirch ein umfassendes Trainingsangebot f\u00fcr alle Hundefreunde. Welpen- und Junghundegruppen bieten eine Basisausbildung f\u00fcr alle. Wer nach der Grundausbildung weitermachen will, kann mit der Begleithundepr\u00fcfung die Ausbildung mit einem Zertifikat abschlie\u00dfen und anschlie\u00dfend in den fortgeschrittenen Hundesport einsteigen. Im Turnierhundsport und im Obedience\u00a0sind Hundesportler aus Leutkirch erfolgreich bei zahlreichen Turnieren.<\/p>\n<p>Mehr zu unserem Angebot finden Sie hier:<\/p>\n<p><a href=\"https:\/\/www.hsv-leutkirch.info\/\/index.php\/neueinsteiger-2\/\">Anf\u00e4nger<\/a><\/p>\n<p><a href=\"https:\/\/www.hsv-leutkirch.info\/\/index.php\/welpengruppe\/\">Welpengruppe<\/a><\/p>\n<p><a href=\"https:\/\/www.hsv-leutkirch.info\/\/index.php\/junghunde\/\">Fortgeschrittene<\/a><\/p>\n<p><a href=\"https:\/\/www.hsv-leutkirch.info\/\/index.php\/begleithundegruppe\/\">Begleithundegruppe<\/a><\/p>\n<p><a href=\"https:\/\/www.hsv-leutkirch.info\/\/index.php\/obedience\/\">Obedience<\/a><\/p>\n<p><a href=\"https:\/\/www.hsv-leutkirch.info\/\/index.php\/turnierhundsport\/\">Turnierhundsport<\/a><\/p>\n<p><a href=\"https:\/\/www.hsv-leutkirch.info\/\/index.php\/rally-obedience\/\">Rally Obedience<\/a><\/p>\n","protected":false},"excerpt":{"rendered":"<p>Seit vielen Jahren bietet der\u00a0Hundesportverein Leutkirch ein umfassendes Trainingsangebot f\u00fcr alle Hundefreunde. Welpen- und Junghundegruppen bieten eine Basisausbildung f\u00fcr alle. Wer nach der Grundausbildung weitermachen will, kann mit der Begleithundepr\u00fcfung die Ausbildung mit einem Zertifikat abschlie\u00dfen und anschlie\u00dfend in den fortgeschrittenen Hundesport einsteigen. Im Turnierhundsport und im Obedience\u00a0sind Hundesportler aus<a class=\"read-more\" href=\"https:\/\/www.hsv-leutkirch.info\/index.php\/abteilungen\/\"> mehr&#8230;<\/a><\/p>\n","protected":false},"author":1,"featured_media":0,"parent":0,"menu_order":0,"comment_status":"closed","ping_status":"closed","template":"","meta":{"_acf_changed":false,"footnotes":""},"class_list":["post-18","page","type-page","status-publish","hentry"],"acf":[],"_links":{"self":[{"href":"https:\/\/www.hsv-leutkirch.info\/index.php\/wp-json\/wp\/v2\/pages\/18","targetHints":{"allow":["GET"]}}],"collection":[{"href":"https:\/\/www.hsv-leutkirch.info\/index.php\/wp-json\/wp\/v2\/pages"}],"about":[{"href":"https:\/\/www.hsv-leutkirch.info\/index.php\/wp-json\/wp\/v2\/types\/page"}],"author":[{"embeddable":true,"href":"https:\/\/www.hsv-leutkirch.info\/index.php\/wp-json\/wp\/v2\/users\/1"}],"replies":[{"embeddable":true,"href":"https:\/\/www.hsv-leutkirch.info\/index.php\/wp-json\/wp\/v2\/comments?post=18"}],"version-history":[{"count":9,"href":"https:\/\/www.hsv-leutkirch.info\/index.php\/wp-json\/wp\/v2\/pages\/18\/revisions"}],"predecessor-version":[{"id":2747,"href":"https:\/\/www.hsv-leutkirch.info\/index.php\/wp-json\/wp\/v2\/pages\/18\/revisions\/2747"}],"wp:attachment":[{"href":"https:\/\/www.hsv-leutkirch.info\/index.php\/wp-json\/wp\/v2\/media?parent=18"}],"curies":[{"name":"wp","href":"https:\/\/api.w.org\/{rel}","templated":true}]}}