{"id":16,"date":"2016-12-18T10:59:13","date_gmt":"2016-12-18T09:59:13","guid":{"rendered":"http:\/\/www.hsv-leutkirch.info\/\/?page_id=16"},"modified":"2023-11-27T11:17:47","modified_gmt":"2023-11-27T10:17:47","slug":"ueber-uns","status":"publish","type":"page","link":"https:\/\/www.hsv-leutkirch.info\/index.php\/ueber-uns\/","title":{"rendered":"\u00dcber uns"},"content":{"rendered":"\n<p>Der Hundesportverein Leutkirch wurde am 24.03.1977 gegr\u00fcndet und 1979 ins Vereinsregister eingetragen. Seit dem Bestehen des Vereins wurden regelm\u00e4\u00dfig Pr\u00fcfungen abgehalten und an Wettk\u00e4mpfen teilgenommen. In den vergangenen Jahren durften wir uns \u00fcber eine stetig wachsende Zahl aktiver Mitglieder freuen.<\/p>\n\n\n\n<div class=\"wp-block-columns is-layout-flex wp-container-core-columns-is-layout-1 wp-block-columns-is-layout-flex\">\n<div class=\"wp-block-column is-layout-flow wp-block-column-is-layout-flow\">\n<p><strong>Unsere Angebote<\/strong><\/p>\n\n\n\n<ul class=\"wp-block-list\">\n<li>Welpengruppe<\/li>\n\n\n\n<li>Anf\u00e4ngergruppe<\/li>\n\n\n\n<li>Fortgeschrittenengruppe<\/li>\n\n\n\n<li>Begleithundepr\u00fcfung <\/li>\n\n\n\n<li>Obedience, <\/li>\n\n\n\n<li>Turnierhundesport <\/li>\n\n\n\n<li>Rally Obedience<\/li>\n\n\n\n<li>Theorie<\/li>\n<\/ul>\n<\/div>\n\n\n\n<div class=\"wp-block-column is-layout-flow wp-block-column-is-layout-flow\">\n<p><strong>Geselliges Vereinsleben<\/strong><\/p>\n\n\n\n<ul class=\"wp-block-list\">\n<li>Wei\u00dfwurstessen zum Jahresbeginn<\/li>\n\n\n\n<li>Maiwanderung<\/li>\n\n\n\n<li>Grillfeste am Hundeplatz<\/li>\n\n\n\n<li>Zeltlager auf dem Hundeplatz<\/li>\n\n\n\n<li>Stadtspazierg\u00e4nge mit den Hunden&nbsp;und anschlie\u00dfender Einkehr<\/li>\n\n\n\n<li>gemeinsame Arbeitseins\u00e4tze rund um das Vereinsheim<\/li>\n\n\n\n<li>\u00d6ffentlichkeitsarbeit, und, und, und&#8230;.<\/li>\n<\/ul>\n<\/div>\n<\/div>\n\n\n\n<p><br>Unsere Satzung und die Datenschutzordnung finden Sie <a href=\"https:\/\/www.hsv-leutkirch.info\/index.php\/downloadslinks\/\">hier.<\/a><\/p>\n","protected":false},"excerpt":{"rendered":"<p>Der Hundesportverein Leutkirch wurde am 24.03.1977 gegr\u00fcndet und 1979 ins Vereinsregister eingetragen. Seit dem Bestehen des Vereins wurden regelm\u00e4\u00dfig Pr\u00fcfungen abgehalten und an Wettk\u00e4mpfen teilgenommen. In den vergangenen Jahren durften wir uns \u00fcber eine stetig wachsende Zahl aktiver Mitglieder freuen. Unsere Angebote Geselliges Vereinsleben Unsere Satzung und die Datenschutzordnung finden<a class=\"read-more\" href=\"https:\/\/www.hsv-leutkirch.info\/index.php\/ueber-uns\/\"> mehr&#8230;<\/a><\/p>\n","protected":false},"author":1,"featured_media":0,"parent":0,"menu_order":0,"comment_status":"closed","ping_status":"closed","template":"","meta":{"_acf_changed":false,"footnotes":""},"class_list":["post-16","page","type-page","status-publish","hentry"],"acf":[],"_links":{"self":[{"href":"https:\/\/www.hsv-leutkirch.info\/index.php\/wp-json\/wp\/v2\/pages\/16","targetHints":{"allow":["GET"]}}],"collection":[{"href":"https:\/\/www.hsv-leutkirch.info\/index.php\/wp-json\/wp\/v2\/pages"}],"about":[{"href":"https:\/\/www.hsv-leutkirch.info\/index.php\/wp-json\/wp\/v2\/types\/page"}],"author":[{"embeddable":true,"href":"https:\/\/www.hsv-leutkirch.info\/index.php\/wp-json\/wp\/v2\/users\/1"}],"replies":[{"embeddable":true,"href":"https:\/\/www.hsv-leutkirch.info\/index.php\/wp-json\/wp\/v2\/comments?post=16"}],"version-history":[{"count":20,"href":"https:\/\/www.hsv-leutkirch.info\/index.php\/wp-json\/wp\/v2\/pages\/16\/revisions"}],"predecessor-version":[{"id":2742,"href":"https:\/\/www.hsv-leutkirch.info\/index.php\/wp-json\/wp\/v2\/pages\/16\/revisions\/2742"}],"wp:attachment":[{"href":"https:\/\/www.hsv-leutkirch.info\/index.php\/wp-json\/wp\/v2\/media?parent=16"}],"curies":[{"name":"wp","href":"https:\/\/api.w.org\/{rel}","templated":true}]}}