{"id":119,"date":"2016-12-22T14:23:44","date_gmt":"2016-12-22T13:23:44","guid":{"rendered":"http:\/\/www.hsv-leutkirch.info\/\/?page_id=119"},"modified":"2024-12-28T15:36:45","modified_gmt":"2024-12-28T14:36:45","slug":"obedience","status":"publish","type":"page","link":"https:\/\/www.hsv-leutkirch.info\/index.php\/obedience\/","title":{"rendered":"Obedience"},"content":{"rendered":"\n<p><strong>Trainingszeit:<\/strong><\/p>\n\n\n\n<p>Samstags:<strong><br><\/strong>16.00 \u2013 16.45 Uhr M\u00e4rz bis Oktober<br>15.00 &#8211; 15.45 Uhr November bis Februar<br><br>Dienstags (nur in der Sommerzeit):<br>18.00 -19.30 Uhr<\/p>\n\n\n\n<p><strong> Trainer:<br><\/strong>Martina Peter und Birgit Welte<\/p>\n\n\n\n<p><\/p>\n\n\n\n<p><strong>Voraussetzung zur Teilnahme ist die bestandene Begleithundepr\u00fcfung<\/strong><\/p>\n\n\n\n<p>Die Hundesportart Obedience kommt aus England und in Deutschland verbreitet sie sich seit 2001 sehr schnell. \u00dcbersetzt wird Obedience einfach nur mit \u201cGehorsam\u201d, allerdings ist es viel mehr als das.<\/p>\n\n\n\n<p>Das Mensch-Hunde-Team soll 10 verschiedene \u00dcbungen \u00fcberaus freudig und sehr genau ausf\u00fchren. F\u00fcr die gute Harmonie und die partnerschaftliche Zusammenarbeit zwischen Hundef\u00fchrer und Hund werden extra Punkte vergeben &#8211; dies ist in keiner anderen Hundesportart vorgesehen. Das Sch\u00f6ne an Obedience ist, dass es sich f\u00fcr jeden Hund eignet, egal welchen Alters oder welcher Rasse.&nbsp;Sprungh\u00f6hen werden der Schulterh\u00f6he des Hundes angepasst und f\u00fcr einen \u00e4lteren Hund kann &#8211; mit geringem Punktabzug &#8211; die H\u00f6he nochmals reduziert werden. Die Ausf\u00fchrung der \u00dcbungen wird rasseabh\u00e4ngig bewertet, da eine Dogge oder ein Leonberger nie so enthusiastisch und leichtf\u00fc\u00dfig wirken wird wie ein Sch\u00e4ferhund oder ein Border Collie. Und da Herrchen oder Frauchen nur im Schritttempo gehen gibt es auch keine Schwierigkeiten f\u00fcr \u00e4ltere Hundebesitzer, diese Hundesportart zu betreiben. Wichtig ist, dass man einfach Freude daran hat, zusammen mit seinem Hund immer neue Dinge zu lernen. So wird \u00fcber die Jahre aus einem Mensch-Hunde-Team ein Dream-Team.<\/p>\n\n\n\n<p>Obedience ist ein vierstufiges Wettkampfprogramm, in dem die Anforderungen &#8211; ausgehend von der bestandenen Begleithundepr\u00fcfung &#8211; stetig weiter verbessert werden.<\/p>\n\n\n\n<p>In der Beginner-Klasse wird besonders darauf Wert gelegt, da\u00df sich die Hunde Menschen und anderen Hunden gegen\u00fcber neutral verhalten. In einer Gruppen\u00fcbung sollen die Hunde beim Umrunden anderer Mensch-Hunde-Teams willig und freudig mitgehen, in einer Hundegruppe friedlich abgelegt werden k\u00f6nnen und auch gelassen bleiben, wenn sie von fremden Menschen gestreichelt werden. Weiter geht es mit Fu\u00dfarbeit mit und ohne Leine, \u201cSitz aus der Bewegung\u201d, sowie das Herankommen und Vorausschicken in eine \u201cBox\u201d. Zu dieser ersten Distanz\u00fcbung kommt noch das Apportieren eines beliebigen Gegenstandes auf ebener Erde und ein Sprung mit R\u00fccksprung \u00fcber eine H\u00fcrde.<\/p>\n\n\n\n<p>Die weiteren Pr\u00fcfungsstufen 1, 2, 3  und Senioren bauen jeweils auf die vorherige Stufe auf und verlangen immer anspruchsvolleres Ausf\u00fchren der \u00dcbungen.<\/p>\n\n\n\n<p><a href=\"https:\/\/www.hsv-leutkirch.info\/wp-content\/uploads\/2024\/12\/vdh_fci_obedience_po_ab_01_01_25.pdf\" target=\"_blank\" rel=\"noreferrer noopener\">Pr\u00fcfungsordnung Obedience ab 01.01.25<\/a><br><br><\/p>\n\n\n\n<div class=\"wp-block-columns is-layout-flex wp-container-core-columns-is-layout-1 wp-block-columns-is-layout-flex\">\n<div class=\"wp-block-column is-layout-flow wp-block-column-is-layout-flow\">\n<figure class=\"wp-block-gallery has-nested-images columns-2 is-cropped wp-block-gallery-1 is-layout-flex wp-block-gallery-is-layout-flex\">\n<figure class=\"wp-block-image size-full is-style-default\"><a href=\"https:\/\/www.hsv-leutkirch.info\/wp-content\/uploads\/2021\/08\/pylon.jpg\"><img loading=\"lazy\" decoding=\"async\" width=\"1200\" height=\"800\" src=\"https:\/\/www.hsv-leutkirch.info\/wp-content\/uploads\/2021\/08\/pylon.jpg\" alt=\"\" class=\"wp-image-1939\" srcset=\"https:\/\/www.hsv-leutkirch.info\/wp-content\/uploads\/2021\/08\/pylon.jpg 1200w, https:\/\/www.hsv-leutkirch.info\/wp-content\/uploads\/2021\/08\/pylon-300x200.jpg 300w, https:\/\/www.hsv-leutkirch.info\/wp-content\/uploads\/2021\/08\/pylon-768x512.jpg 768w\" sizes=\"auto, (max-width: 1200px) 100vw, 1200px\" \/><\/a><figcaption class=\"wp-element-caption\">Pylon umrunden<\/figcaption><\/figure>\n\n\n\n<figure class=\"wp-block-image size-full is-style-default\"><a href=\"https:\/\/www.hsv-leutkirch.info\/wp-content\/uploads\/2021\/08\/Holzapport.jpg\"><img loading=\"lazy\" decoding=\"async\" width=\"1200\" height=\"800\" src=\"https:\/\/www.hsv-leutkirch.info\/wp-content\/uploads\/2021\/08\/Holzapport.jpg\" alt=\"\" class=\"wp-image-1938\" srcset=\"https:\/\/www.hsv-leutkirch.info\/wp-content\/uploads\/2021\/08\/Holzapport.jpg 1200w, https:\/\/www.hsv-leutkirch.info\/wp-content\/uploads\/2021\/08\/Holzapport-300x200.jpg 300w, https:\/\/www.hsv-leutkirch.info\/wp-content\/uploads\/2021\/08\/Holzapport-768x512.jpg 768w\" sizes=\"auto, (max-width: 1200px) 100vw, 1200px\" \/><\/a><figcaption class=\"wp-element-caption\">Holzapport<\/figcaption><\/figure>\n\n\n\n<figure class=\"wp-block-image size-full is-style-default\"><a href=\"https:\/\/www.hsv-leutkirch.info\/wp-content\/uploads\/2021\/08\/geruchsidentifikation.jpg\"><img loading=\"lazy\" decoding=\"async\" width=\"1200\" height=\"800\" src=\"https:\/\/www.hsv-leutkirch.info\/wp-content\/uploads\/2021\/08\/geruchsidentifikation.jpg\" alt=\"\" class=\"wp-image-1937\" srcset=\"https:\/\/www.hsv-leutkirch.info\/wp-content\/uploads\/2021\/08\/geruchsidentifikation.jpg 1200w, https:\/\/www.hsv-leutkirch.info\/wp-content\/uploads\/2021\/08\/geruchsidentifikation-300x200.jpg 300w, https:\/\/www.hsv-leutkirch.info\/wp-content\/uploads\/2021\/08\/geruchsidentifikation-768x512.jpg 768w\" sizes=\"auto, (max-width: 1200px) 100vw, 1200px\" \/><\/a><figcaption class=\"wp-element-caption\">Geruchsidentifikation<\/figcaption><\/figure>\n\n\n\n<figure class=\"wp-block-image size-full is-style-default\"><a href=\"https:\/\/www.hsv-leutkirch.info\/wp-content\/uploads\/2021\/08\/box.jpg\"><img loading=\"lazy\" decoding=\"async\" width=\"1200\" height=\"800\" src=\"https:\/\/www.hsv-leutkirch.info\/wp-content\/uploads\/2021\/08\/box.jpg\" alt=\"\" class=\"wp-image-1936\" srcset=\"https:\/\/www.hsv-leutkirch.info\/wp-content\/uploads\/2021\/08\/box.jpg 1200w, https:\/\/www.hsv-leutkirch.info\/wp-content\/uploads\/2021\/08\/box-300x200.jpg 300w, https:\/\/www.hsv-leutkirch.info\/wp-content\/uploads\/2021\/08\/box-768x512.jpg 768w\" sizes=\"auto, (max-width: 1200px) 100vw, 1200px\" \/><\/a><figcaption class=\"wp-element-caption\">Box<\/figcaption><\/figure>\n<\/figure>\n<\/div>\n<\/div>\n\n\n\n<div class=\"wp-block-columns is-layout-flex wp-container-core-columns-is-layout-2 wp-block-columns-is-layout-flex\">\n<div class=\"wp-block-column is-layout-flow wp-block-column-is-layout-flow\">\n<figure class=\"wp-block-image size-full\"><a href=\"https:\/\/www.hsv-leutkirch.info\/wp-content\/uploads\/2021\/08\/Metallapport.jpg\"><img loading=\"lazy\" decoding=\"async\" width=\"1200\" height=\"800\" src=\"https:\/\/www.hsv-leutkirch.info\/wp-content\/uploads\/2021\/08\/Metallapport.jpg\" alt=\"\" class=\"wp-image-1934\" srcset=\"https:\/\/www.hsv-leutkirch.info\/wp-content\/uploads\/2021\/08\/Metallapport.jpg 1200w, https:\/\/www.hsv-leutkirch.info\/wp-content\/uploads\/2021\/08\/Metallapport-300x200.jpg 300w, https:\/\/www.hsv-leutkirch.info\/wp-content\/uploads\/2021\/08\/Metallapport-768x512.jpg 768w\" sizes=\"auto, (max-width: 1200px) 100vw, 1200px\" \/><\/a><figcaption class=\"wp-element-caption\">Apport \u00fcber eine H\u00fcrde<\/figcaption><\/figure>\n<\/div>\n<\/div>\n\n\n","protected":false},"excerpt":{"rendered":"<p>Trainingszeit: Samstags:16.00 \u2013 16.45 Uhr M\u00e4rz bis Oktober15.00 &#8211; 15.45 Uhr November bis Februar Dienstags (nur in der Sommerzeit):18.00 -19.30 Uhr Trainer:Martina Peter und Birgit Welte Voraussetzung zur Teilnahme ist die bestandene Begleithundepr\u00fcfung Die Hundesportart Obedience kommt aus England und in Deutschland verbreitet sie sich seit 2001 sehr schnell. \u00dcbersetzt<a class=\"read-more\" href=\"https:\/\/www.hsv-leutkirch.info\/index.php\/obedience\/\"> mehr&#8230;<\/a><\/p>\n","protected":false},"author":1,"featured_media":0,"parent":0,"menu_order":0,"comment_status":"closed","ping_status":"closed","template":"","meta":{"_acf_changed":false,"footnotes":""},"class_list":["post-119","page","type-page","status-publish","hentry"],"acf":[],"_links":{"self":[{"href":"https:\/\/www.hsv-leutkirch.info\/index.php\/wp-json\/wp\/v2\/pages\/119","targetHints":{"allow":["GET"]}}],"collection":[{"href":"https:\/\/www.hsv-leutkirch.info\/index.php\/wp-json\/wp\/v2\/pages"}],"about":[{"href":"https:\/\/www.hsv-leutkirch.info\/index.php\/wp-json\/wp\/v2\/types\/page"}],"author":[{"embeddable":true,"href":"https:\/\/www.hsv-leutkirch.info\/index.php\/wp-json\/wp\/v2\/users\/1"}],"replies":[{"embeddable":true,"href":"https:\/\/www.hsv-leutkirch.info\/index.php\/wp-json\/wp\/v2\/comments?post=119"}],"version-history":[{"count":52,"href":"https:\/\/www.hsv-leutkirch.info\/index.php\/wp-json\/wp\/v2\/pages\/119\/revisions"}],"predecessor-version":[{"id":2979,"href":"https:\/\/www.hsv-leutkirch.info\/index.php\/wp-json\/wp\/v2\/pages\/119\/revisions\/2979"}],"wp:attachment":[{"href":"https:\/\/www.hsv-leutkirch.info\/index.php\/wp-json\/wp\/v2\/media?parent=119"}],"curies":[{"name":"wp","href":"https:\/\/api.w.org\/{rel}","templated":true}]}}