{"id":116,"date":"2016-12-22T14:21:56","date_gmt":"2016-12-22T13:21:56","guid":{"rendered":"http:\/\/www.hsv-leutkirch.info\/\/?page_id=116"},"modified":"2026-04-05T17:07:24","modified_gmt":"2026-04-05T15:07:24","slug":"begleithundegruppe","status":"publish","type":"page","link":"https:\/\/www.hsv-leutkirch.info\/index.php\/begleithundegruppe\/","title":{"rendered":"Begleithundegruppe"},"content":{"rendered":"<p><strong>Training:<br \/>\n<\/strong>Samstag 10.30 \u2013 12.30 Uhr<br \/>\nMittwoch (nur im Sommer) 16.30 bis\u00a017.45 Uhr<\/p>\n<p><strong><br \/>\nTrainer:<br \/>\n<\/strong>Helga Dorn, J\u00fcrgen Saumweber, Volker Ulrich<\/p>\n<p>Mit der Begleithundepr\u00fcfung schlie\u00dft das Hund &#8211; Mensch &#8211; Team die Basisausbildung ab. Sie ist in allen Vereinen des VDH eine Grundpr\u00fcfung, in der der Gehorsam des Hundes und sein Verhalten in der \u00d6ffentlichkeit gepr\u00fcft wird. Durch diese Pr\u00fcfung zeigt das Team, dass es sich gefahrlos im Stra\u00dfenverkehr mit Autos und Motorr\u00e4dern bewegen kann und dass der Hund sich unbefangen gegen\u00fcber Fu\u00dfg\u00e4ngern, Joggern und Radfahrern verh\u00e4lt.<\/p>\n<p><strong>Die Begleithundepr\u00fcfung besteht aus drei Teilen:<\/strong><\/p>\n<p><strong>1. Sachkunde<\/strong><\/p>\n<p>Im Sachkundetest wird das Wissen des Hundehalters \u00fcber Hundeverhalten, Erziehung und Hundehaltung schriftlich \u00fcberpr\u00fcft.<\/p>\n<p><strong>2. Unterordnung<\/strong><\/p>\n<p>Auf dem \u00dcbungsplatz darf das Hund &#8211; Mensch &#8211; Team zeigen dass es Unterordnungs\u00fcbungen wie Bei &#8211; Fu\u00df &#8211; Gehen, Sitz, Platz und Abrufen mit und ohne Leine bew\u00e4ltigen kann. Auch das Durchqueren einer Menschengruppe wird gezeigt, sowie das ruhige Liegenbleiben des Hundes w\u00e4hrend sich der Hundef\u00fchrer 10 m entfernt aufh\u00e4lt. Folgend das Laufschema f\u00fcr die Pr\u00fcfung.<\/p>\n<p><a href=\"https:\/\/www.hsv-leutkirch.info\/wp-content\/uploads\/2024\/12\/laufschema_bh_25.jpg\"><img loading=\"lazy\" decoding=\"async\" class=\"alignnone wp-image-2964 size-medium\" src=\"https:\/\/www.hsv-leutkirch.info\/wp-content\/uploads\/2024\/12\/laufschema_bh_25-300x214.jpg\" alt=\"\" width=\"300\" height=\"214\" srcset=\"https:\/\/www.hsv-leutkirch.info\/wp-content\/uploads\/2024\/12\/laufschema_bh_25-300x214.jpg 300w, https:\/\/www.hsv-leutkirch.info\/wp-content\/uploads\/2024\/12\/laufschema_bh_25-768x547.jpg 768w, https:\/\/www.hsv-leutkirch.info\/wp-content\/uploads\/2024\/12\/laufschema_bh_25.jpg 843w\" sizes=\"auto, (max-width: 300px) 100vw, 300px\" \/><\/a><\/p>\n<p><a href=\"https:\/\/www.hsv-leutkirch.info\/wp-content\/uploads\/2024\/12\/Laufschema_bh_2025.pdf\" target=\"_blank\" rel=\"noopener\">Laufschema BH download<\/a><\/p>\n<p><strong>3. Verkehrsteil<\/strong><\/p>\n<p>Im dritten Teil wird die Verkehrssicherheit und Unbefangenheit des Hundes au\u00dferhalb des Hundeplatzes \u00fcberpr\u00fcft. Wie reagiert er auf fremde Menschen? Springt er Jogger oder Radfahrer an? Bleibt er auch ruh\u00edg und gelassen wenn sein Herrchen au\u00dfer Sicht ist und ein anderer Hund vorbeil\u00e4uft? Diese Pr\u00fcfung ist Grundlage f\u00fcr die Teilnahme an weiteren Wettk\u00e4mpfen und Pr\u00fcfungen im Hundesport, wie z.B. Agility, Obedience, VPG, Turnierhundesport oder F\u00e4hrtenpr\u00fcfungen.<\/p>\n<p><strong>Team &#8211; Test:<\/strong><\/p>\n<p>Der Team &#8211; Test ist die Vorstufe zur Begleithundepr\u00fcfung. Er zeigt, dass Hund und Mensch harmonieren und dass Hunde jeglicher Art und Rasse sich reibungslos in das t\u00e4gliche Leben einf\u00fcgen k\u00f6nnen. Gut erzogene Hunde und Hundehalter, denen an einem positiven Zusammenleben mit Nicht &#8211; Hundehaltern gelegen ist, sind das Ziel der Ausbildung. Sie besteht aus einem Unterordnungsteil und einem Verkehrsteil, wobei der Schwerpunkt auf dem unbefangenen und gelassenen Verhalten des Hundes im Alltag liegt.<\/p>\n","protected":false},"excerpt":{"rendered":"<p>Training: Samstag 10.30 \u2013 12.30 Uhr Mittwoch (nur im Sommer) 16.30 bis\u00a017.45 Uhr Trainer: Helga Dorn, J\u00fcrgen Saumweber, Volker Ulrich Mit der Begleithundepr\u00fcfung schlie\u00dft das Hund &#8211; Mensch &#8211; Team die Basisausbildung ab. Sie ist in allen Vereinen des VDH eine Grundpr\u00fcfung, in der der Gehorsam des Hundes und sein<a class=\"read-more\" href=\"https:\/\/www.hsv-leutkirch.info\/index.php\/begleithundegruppe\/\"> mehr&#8230;<\/a><\/p>\n","protected":false},"author":1,"featured_media":0,"parent":0,"menu_order":0,"comment_status":"closed","ping_status":"closed","template":"","meta":{"_acf_changed":false,"footnotes":""},"class_list":["post-116","page","type-page","status-publish","hentry"],"acf":[],"_links":{"self":[{"href":"https:\/\/www.hsv-leutkirch.info\/index.php\/wp-json\/wp\/v2\/pages\/116","targetHints":{"allow":["GET"]}}],"collection":[{"href":"https:\/\/www.hsv-leutkirch.info\/index.php\/wp-json\/wp\/v2\/pages"}],"about":[{"href":"https:\/\/www.hsv-leutkirch.info\/index.php\/wp-json\/wp\/v2\/types\/page"}],"author":[{"embeddable":true,"href":"https:\/\/www.hsv-leutkirch.info\/index.php\/wp-json\/wp\/v2\/users\/1"}],"replies":[{"embeddable":true,"href":"https:\/\/www.hsv-leutkirch.info\/index.php\/wp-json\/wp\/v2\/comments?post=116"}],"version-history":[{"count":33,"href":"https:\/\/www.hsv-leutkirch.info\/index.php\/wp-json\/wp\/v2\/pages\/116\/revisions"}],"predecessor-version":[{"id":3191,"href":"https:\/\/www.hsv-leutkirch.info\/index.php\/wp-json\/wp\/v2\/pages\/116\/revisions\/3191"}],"wp:attachment":[{"href":"https:\/\/www.hsv-leutkirch.info\/index.php\/wp-json\/wp\/v2\/media?parent=116"}],"curies":[{"name":"wp","href":"https:\/\/api.w.org\/{rel}","templated":true}]}}