{"id":113,"date":"2016-12-22T14:20:30","date_gmt":"2016-12-22T13:20:30","guid":{"rendered":"http:\/\/www.hsv-leutkirch.info\/\/?page_id=113"},"modified":"2026-04-05T09:44:51","modified_gmt":"2026-04-05T07:44:51","slug":"junghunde","status":"publish","type":"page","link":"https:\/\/www.hsv-leutkirch.info\/index.php\/junghunde\/","title":{"rendered":"Fortgeschrittene"},"content":{"rendered":"<p><strong>Training:<br \/>\n<\/strong>Samstag<br \/>\n12.30 Uhr bis 13.00 Uhr Fortgeschrittene\u00a0<\/p>\n<p><strong>Trainer:<br \/>\n<\/strong>Jacky und Alena<\/p>\n<p>In dieser Gruppe werden die in der Anf\u00e4ngergruppe erworbenen F\u00e4higkeiten vertieft und gefestigt.<\/p>\n<p>Hier liegt der Focus nicht nur auf dem Grundgehorsam sondern auch auf der F\u00f6rderung einer freudigen Arbeitsatmosph\u00e4re zwischen Mensch und Hund. Das Training enth\u00e4lt viele \u00dcbungen f\u00fcr soziales Verhalten. So laufen Hund und Hundef\u00fchrer \u00a0z.B. einen Slalom durch eine Gruppe von Hunden und Menschen oder wir \u00fcben die ruhige und gelassene Begegnung zweier Hundef\u00fchrer.<\/p>\n<p>Au\u00dferdem k\u00f6nnen Hundef\u00fchrer bereits in \u00dcbungen f\u00fcr die Begleithundepr\u00fcfung und den Hundesport hineinschnuppern.<\/p>\n","protected":false},"excerpt":{"rendered":"<p>Training: Samstag 12.30 Uhr bis 13.00 Uhr Fortgeschrittene\u00a0 Trainer: Jacky und Alena In dieser Gruppe werden die in der Anf\u00e4ngergruppe erworbenen F\u00e4higkeiten vertieft und gefestigt. Hier liegt der Focus nicht nur auf dem Grundgehorsam sondern auch auf der F\u00f6rderung einer freudigen Arbeitsatmosph\u00e4re zwischen Mensch und Hund. Das Training enth\u00e4lt viele<a class=\"read-more\" href=\"https:\/\/www.hsv-leutkirch.info\/index.php\/junghunde\/\"> mehr&#8230;<\/a><\/p>\n","protected":false},"author":1,"featured_media":0,"parent":0,"menu_order":0,"comment_status":"closed","ping_status":"closed","template":"","meta":{"_acf_changed":false,"footnotes":""},"class_list":["post-113","page","type-page","status-publish","hentry"],"acf":[],"_links":{"self":[{"href":"https:\/\/www.hsv-leutkirch.info\/index.php\/wp-json\/wp\/v2\/pages\/113","targetHints":{"allow":["GET"]}}],"collection":[{"href":"https:\/\/www.hsv-leutkirch.info\/index.php\/wp-json\/wp\/v2\/pages"}],"about":[{"href":"https:\/\/www.hsv-leutkirch.info\/index.php\/wp-json\/wp\/v2\/types\/page"}],"author":[{"embeddable":true,"href":"https:\/\/www.hsv-leutkirch.info\/index.php\/wp-json\/wp\/v2\/users\/1"}],"replies":[{"embeddable":true,"href":"https:\/\/www.hsv-leutkirch.info\/index.php\/wp-json\/wp\/v2\/comments?post=113"}],"version-history":[{"count":20,"href":"https:\/\/www.hsv-leutkirch.info\/index.php\/wp-json\/wp\/v2\/pages\/113\/revisions"}],"predecessor-version":[{"id":3180,"href":"https:\/\/www.hsv-leutkirch.info\/index.php\/wp-json\/wp\/v2\/pages\/113\/revisions\/3180"}],"wp:attachment":[{"href":"https:\/\/www.hsv-leutkirch.info\/index.php\/wp-json\/wp\/v2\/media?parent=113"}],"curies":[{"name":"wp","href":"https:\/\/api.w.org\/{rel}","templated":true}]}}