{"id":107,"date":"2016-12-22T14:16:27","date_gmt":"2016-12-22T13:16:27","guid":{"rendered":"http:\/\/www.hsv-leutkirch.info\/\/?page_id=107"},"modified":"2026-04-05T09:32:34","modified_gmt":"2026-04-05T07:32:34","slug":"trainingszeiten","status":"publish","type":"page","link":"https:\/\/www.hsv-leutkirch.info\/index.php\/trainingszeiten\/","title":{"rendered":"Trainingszeiten"},"content":{"rendered":"<p><strong>Samstags:<\/strong><br \/>\n10:30 &#8211; 12:30 BH Training<br \/>\n13:00 &#8211; 14:00 Anf\u00e4ngerkurs<br \/>\n12:15 &#8211; 13:00 Fortgeschrittene<br \/>\n12:30 &#8211; 13:15 Welpengruppe<br \/>\n14:00 &#8211; 15:00 RO<br \/>\n15:00 &#8211; 16:00 THS<br \/>\n15:00 &#8211; 15:45 OBI Nov-Feb<br \/>\n16:00 &#8211; 16:45 OBI M\u00e4rz &#8211; Okt<\/p>\n<p><strong>Mittwochs: nur in der Sommersaison<\/strong><br \/>\n16.30 \u2013 17.45 Uhr\u00a0 \u00a0Begleithundegruppe<\/p>\n<p><strong>Dienstags: nur in der Sommersaison<\/strong><br \/>\n18.00 \u2013 19.30 Uhr\u00a0 \u00a0Obedience<\/p>\n<p>Bitte wenn m\u00f6glich immer vorzeitig anwesend sein damit ihr noch kurz mit euren Hunden laufen k\u00f6nnt und das Training auch p\u00fcnktlich starten kann. Bitte auch Leckerlies und Lieblingsspielzeug nicht vergessen.<\/p>\n","protected":false},"excerpt":{"rendered":"<p>Samstags: 10:30 &#8211; 12:30 BH Training 13:00 &#8211; 14:00 Anf\u00e4ngerkurs 12:15 &#8211; 13:00 Fortgeschrittene 12:30 &#8211; 13:15 Welpengruppe 14:00 &#8211; 15:00 RO 15:00 &#8211; 16:00 THS 15:00 &#8211; 15:45 OBI Nov-Feb 16:00 &#8211; 16:45 OBI M\u00e4rz &#8211; Okt Mittwochs: nur in der Sommersaison 16.30 \u2013 17.45 Uhr\u00a0 \u00a0Begleithundegruppe Dienstags: nur<a class=\"read-more\" href=\"https:\/\/www.hsv-leutkirch.info\/index.php\/trainingszeiten\/\"> mehr&#8230;<\/a><\/p>\n","protected":false},"author":1,"featured_media":0,"parent":0,"menu_order":0,"comment_status":"closed","ping_status":"closed","template":"","meta":{"_acf_changed":false,"footnotes":""},"class_list":["post-107","page","type-page","status-publish","hentry"],"acf":[],"_links":{"self":[{"href":"https:\/\/www.hsv-leutkirch.info\/index.php\/wp-json\/wp\/v2\/pages\/107","targetHints":{"allow":["GET"]}}],"collection":[{"href":"https:\/\/www.hsv-leutkirch.info\/index.php\/wp-json\/wp\/v2\/pages"}],"about":[{"href":"https:\/\/www.hsv-leutkirch.info\/index.php\/wp-json\/wp\/v2\/types\/page"}],"author":[{"embeddable":true,"href":"https:\/\/www.hsv-leutkirch.info\/index.php\/wp-json\/wp\/v2\/users\/1"}],"replies":[{"embeddable":true,"href":"https:\/\/www.hsv-leutkirch.info\/index.php\/wp-json\/wp\/v2\/comments?post=107"}],"version-history":[{"count":32,"href":"https:\/\/www.hsv-leutkirch.info\/index.php\/wp-json\/wp\/v2\/pages\/107\/revisions"}],"predecessor-version":[{"id":3173,"href":"https:\/\/www.hsv-leutkirch.info\/index.php\/wp-json\/wp\/v2\/pages\/107\/revisions\/3173"}],"wp:attachment":[{"href":"https:\/\/www.hsv-leutkirch.info\/index.php\/wp-json\/wp\/v2\/media?parent=107"}],"curies":[{"name":"wp","href":"https:\/\/api.w.org\/{rel}","templated":true}]}}