{"id":101,"date":"2016-12-22T14:08:31","date_gmt":"2016-12-22T13:08:31","guid":{"rendered":"http:\/\/www.hsv-leutkirch.info\/\/?page_id=101"},"modified":"2026-04-05T09:45:54","modified_gmt":"2026-04-05T07:45:54","slug":"trainer","status":"publish","type":"page","link":"https:\/\/www.hsv-leutkirch.info\/index.php\/trainer\/","title":{"rendered":"Trainer"},"content":{"rendered":"\r\n<div class=\"wp-block-columns is-layout-flex wp-container-core-columns-is-layout-1 wp-block-columns-is-layout-flex\">\r\n<div class=\"wp-block-column is-layout-flow wp-block-column-is-layout-flow\">\u00a0<\/div>\r\n\r\n\r\n<div class=\"wp-block-column is-layout-flow wp-block-column-is-layout-flow\">\u00a0<\/div>\r\n<\/div>\r\n\r\n\r\n<div class=\"wp-block-columns is-layout-flex wp-container-core-columns-is-layout-2 wp-block-columns-is-layout-flex\">\r\n<div class=\"wp-block-column is-layout-flow wp-block-column-is-layout-flow\">\r\n<p>&nbsp;<\/p>\r\n\r\n\r\n<p>&nbsp;<\/p>\r\n\r\n\r\n<p><strong>Helga Dorn mit Hovawart Bhanu vom wilden W\u00e4chter<br \/>\r\n<\/strong>Ausbildung Begleithunde<\/p>\r\n<\/div>\r\n\r\n\r\n<div class=\"wp-block-column is-layout-flow wp-block-column-is-layout-flow\">\r\n<figure class=\"wp-block-image size-large\"><img decoding=\"async\" src=\"https:\/\/www.hsv-leutkirch.info\/wp-content\/uploads\/2017\/03\/trainer_helga-250x300.jpg\" alt=\"\" \/><\/figure>\r\n\r\n\r\n<hr class=\"wp-block-separator has-alpha-channel-opacity\" \/><\/div>\r\n<\/div>\r\n\r\n\r\n<div class=\"wp-block-columns is-layout-flex wp-container-core-columns-is-layout-3 wp-block-columns-is-layout-flex\">\r\n<div class=\"wp-block-column is-layout-flow wp-block-column-is-layout-flow\">\r\n<p>&nbsp;<\/p>\r\n\r\n\r\n<p>&nbsp;<\/p>\r\n\r\n\r\n<p><strong>Yvonne Reder mit Finn und Amy<br \/>\r\n<\/strong>Ausbildung Anf\u00e4nger, Fortgeschrittene und THS<\/p>\r\n<\/div>\r\n\r\n\r\n<div class=\"wp-block-column is-layout-flow wp-block-column-is-layout-flow\">\r\n<figure class=\"wp-block-image size-large\"><img decoding=\"async\" src=\"https:\/\/www.hsv-leutkirch.info\/wp-content\/uploads\/2019\/02\/trainer_yvonne.jpg\" alt=\"\" \/><\/figure>\r\n\r\n\r\n<hr class=\"wp-block-separator has-alpha-channel-opacity\" \/><\/div>\r\n<\/div>\r\n\r\n\r\n<div class=\"wp-block-columns is-layout-flex wp-container-core-columns-is-layout-4 wp-block-columns-is-layout-flex\">\r\n<div class=\"wp-block-column is-layout-flow wp-block-column-is-layout-flow\">\r\n<p>&nbsp;<\/p>\r\n\r\n\r\n<p>&nbsp;<\/p>\r\n\r\n\r\n<p><strong>Martina Peter mit M\u00fcnsterl\u00e4nder Anton<br \/>\r\n<\/strong>Ausbildung Welpen, Obedience und Rally Obedience<\/p>\r\n<\/div>\r\n\r\n\r\n<div class=\"wp-block-column is-layout-flow wp-block-column-is-layout-flow\">\r\n<figure class=\"wp-block-image size-large\"><img decoding=\"async\" src=\"https:\/\/www.hsv-leutkirch.info\/wp-content\/uploads\/2018\/10\/martina.jpg\" alt=\"\" \/><\/figure>\r\n\r\n\r\n<hr class=\"wp-block-separator has-alpha-channel-opacity\" \/><\/div>\r\n<\/div>\r\n\r\n<div class=\"wp-block-columns\">\r\n<div class=\"wp-block-column is-layout-flow wp-block-column-is-layout-flow\">\r\n<div class=\"wp-block-columns is-layout-flex wp-container-core-columns-is-layout-5 wp-block-columns-is-layout-flex\">\r\n<div class=\"wp-block-column is-layout-flow wp-block-column-is-layout-flow\">\r\n<p><strong>Sabine P\u00f6ppel mit Pepper<br \/>\r\n<\/strong>Ausbildung Welpen<\/p>\r\n<\/div>\r\n\r\n\r\n<div class=\"wp-block-column is-layout-flow wp-block-column-is-layout-flow\">\r\n<figure class=\"wp-block-image size-full is-style-default\"><img loading=\"lazy\" decoding=\"async\" width=\"255\" height=\"300\" class=\"wp-image-2693\" src=\"https:\/\/www.hsv-leutkirch.info\/wp-content\/uploads\/2023\/10\/trainer-sabine_kl.jpg\" alt=\"\" \/><\/figure>\r\n\r\n<\/div>\r\n<\/div>\r\n<\/div>\r\n<\/div>\r\n<div class=\"wp-block-columns\">\r\n<div class=\"wp-block-column\">\r\n<figure class=\"wp-block-image size-large\"><\/figure>\r\n\r\n<\/div>\r\n<\/div>\r\n<div class=\"wp-block-columns\">\r\n<div class=\"wp-block-column\">\r\n<p>&nbsp;<\/p>\r\n<\/div>\r\n<div class=\"wp-block-column\">\r\n\r\n<hr class=\"wp-block-separator has-alpha-channel-opacity\" \/><\/div>\r\n<\/div>\r\n\r\n\r\n<div class=\"wp-block-columns is-layout-flex wp-container-core-columns-is-layout-6 wp-block-columns-is-layout-flex\">\r\n<div class=\"wp-block-column is-layout-flow wp-block-column-is-layout-flow\">\r\n<p>&nbsp;<\/p>\r\n\r\n\r\n<p>&nbsp;<\/p>\r\n\r\n\r\n<p><strong>J\u00fcrgen Saumweber<br \/>\r\n<\/strong>Ausbildung Begleithunde<\/p>\r\n<\/div>\r\n\r\n\r\n<div class=\"wp-block-column is-layout-flow wp-block-column-is-layout-flow\">\r\n<figure class=\"wp-block-image size-large\"><img decoding=\"async\" src=\"https:\/\/www.hsv-leutkirch.info\/wp-content\/uploads\/2017\/03\/trainer_juergen-250x300.jpg\" alt=\"\" \/><\/figure>\r\n\r\n\r\n<hr class=\"wp-block-separator has-alpha-channel-opacity\" \/><\/div>\r\n<\/div>\r\n\r\n\r\n<div class=\"wp-block-columns is-layout-flex wp-container-core-columns-is-layout-7 wp-block-columns-is-layout-flex\">\r\n<div class=\"wp-block-column is-layout-flow wp-block-column-is-layout-flow\">\r\n<p>&nbsp;<\/p>\r\n\r\n\r\n<p>&nbsp;<\/p>\r\n\r\n\r\n<p><strong>Jacky Siegl<br \/>\r\n<\/strong>Ausbildung Anf\u00e4nger<\/p>\r\n<\/div>\r\n\r\n\r\n<div class=\"wp-block-column is-layout-flow wp-block-column-is-layout-flow\">\r\n<figure class=\"wp-block-image size-full\"><img loading=\"lazy\" decoding=\"async\" width=\"250\" height=\"307\" class=\"wp-image-2151\" src=\"https:\/\/www.hsv-leutkirch.info\/wp-content\/uploads\/2022\/01\/jacky.jpg\" alt=\"\" srcset=\"https:\/\/www.hsv-leutkirch.info\/wp-content\/uploads\/2022\/01\/jacky.jpg 250w, https:\/\/www.hsv-leutkirch.info\/wp-content\/uploads\/2022\/01\/jacky-244x300.jpg 244w\" sizes=\"auto, (max-width: 250px) 100vw, 250px\" \/><\/figure>\r\n<\/div>\r\n<\/div>\r\n\r\n\r\n<div class=\"wp-block-columns is-layout-flex wp-container-core-columns-is-layout-8 wp-block-columns-is-layout-flex\">\r\n<div class=\"wp-block-column is-layout-flow wp-block-column-is-layout-flow\">\r\n<p>&nbsp;<\/p>\r\n\r\n\r\n<p>&nbsp;<\/p>\r\n\r\n\r\n<p>Alena St\u00f6lzle<strong><br \/>\r\n<\/strong>Ausbildung Anf\u00e4nger<\/p>\r\n<\/div>\r\n\r\n\r\n<div class=\"wp-block-column is-layout-flow wp-block-column-is-layout-flow\">\r\n<hr class=\"wp-block-separator has-alpha-channel-opacity\" \/>\r\n\r\n<figure class=\"wp-block-image size-full\"><img loading=\"lazy\" decoding=\"async\" width=\"255\" height=\"383\" class=\"wp-image-2797\" style=\"object-fit: cover;\" src=\"https:\/\/www.hsv-leutkirch.info\/wp-content\/uploads\/2024\/04\/trainer-alena.jpg\" alt=\"\" srcset=\"https:\/\/www.hsv-leutkirch.info\/wp-content\/uploads\/2024\/04\/trainer-alena.jpg 255w, https:\/\/www.hsv-leutkirch.info\/wp-content\/uploads\/2024\/04\/trainer-alena-200x300.jpg 200w\" sizes=\"auto, (max-width: 255px) 100vw, 255px\" \/><\/figure>\r\n\r\n\r\n<hr class=\"wp-block-separator has-alpha-channel-opacity\" \/><\/div>\r\n<\/div>\r\n\r\n\r\n<div class=\"wp-block-columns is-layout-flex wp-container-core-columns-is-layout-9 wp-block-columns-is-layout-flex\">\r\n<div class=\"wp-block-column is-layout-flow wp-block-column-is-layout-flow\">\r\n<p>&nbsp;<\/p>\r\n\r\n\r\n<p>&nbsp;<\/p>\r\n\r\n\r\n<p><strong>Volker Ulrich<br \/>\r\n<\/strong>Ausbildung Begleithunde<\/p>\r\n<\/div>\r\n\r\n\r\n<div class=\"wp-block-column is-layout-flow wp-block-column-is-layout-flow\">\r\n<figure class=\"wp-block-image size-large\"><img decoding=\"async\" src=\"https:\/\/www.hsv-leutkirch.info\/wp-content\/uploads\/2019\/02\/trainer_volker-255x300.jpg\" alt=\"\" \/><\/figure>\r\n\r\n\r\n<hr class=\"wp-block-separator has-alpha-channel-opacity\" \/><\/div>\r\n<\/div>\r\n\r\n\r\n<div class=\"wp-block-columns is-layout-flex wp-container-core-columns-is-layout-10 wp-block-columns-is-layout-flex\">\r\n<div class=\"wp-block-column is-layout-flow wp-block-column-is-layout-flow\">\r\n<p>&nbsp;<\/p>\r\n\r\n\r\n<p>&nbsp;<\/p>\r\n\r\n\r\n<p><strong>Birgit Welte mit Dustin<br \/>\r\n<\/strong>Ausbildung Obedience<\/p>\r\n<\/div>\r\n\r\n\r\n<div class=\"wp-block-column is-layout-flow wp-block-column-is-layout-flow\">\r\n<figure class=\"wp-block-image size-full\"><img loading=\"lazy\" decoding=\"async\" width=\"255\" height=\"300\" class=\"wp-image-2299\" src=\"https:\/\/www.hsv-leutkirch.info\/wp-content\/uploads\/2022\/06\/trainer-birgit.jpg\" alt=\"\" \/><\/figure>\r\n\r\n\r\n<hr class=\"wp-block-separator has-alpha-channel-opacity\" \/><\/div>\r\n<\/div>\r\n\r\n\r\n<div class=\"wp-block-columns is-layout-flex wp-container-core-columns-is-layout-11 wp-block-columns-is-layout-flex\"><!-- wp:column -->\r\n<div class=\"wp-block-column\"><!-- wp:columns -->\r\n<div class=\"wp-block-columns\"><!-- wp:column -->\r\n<div class=\"wp-block-column\"><!-- wp:paragraph -->\r\n<p><strong>Sabine P\u00f6ppel mit Pepper<br \/>\r\n<\/strong>Ausbildung Welpen<\/p>\r\n<!-- \/wp:paragraph --><\/div>\r\n<!-- \/wp:column -->\r\n<!-- wp:column -->\r\n<div class=\"wp-block-column\"><!-- wp:image {\"id\":2693,\"sizeSlug\":\"full\",\"linkDestination\":\"none\",\"className\":\"is-style-default\"} -->\r\n<figure class=\"wp-block-image size-full is-style-default\"><img loading=\"lazy\" decoding=\"async\" width=\"255\" height=\"300\" class=\"wp-image-2693\" src=\"https:\/\/www.hsv-leutkirch.info\/wp-content\/uploads\/2023\/10\/trainer-sabine_kl.jpg\" alt=\"\" \/><\/figure>\r\n<!-- \/wp:image -->\r\n<!-- wp:separator --><\/div>\r\n<\/div>\r\n<\/div>\r\n<\/div>\r\n<div class=\"wp-block-columns\">\r\n<div class=\"wp-block-column\">\r\n<figure class=\"wp-block-image size-large\"><\/figure>\r\n<!-- \/wp:image -->\r\n<!-- wp:separator --><\/div>\r\n<\/div>\r\n<div class=\"wp-block-columns\">\r\n<div class=\"wp-block-column\">\r\n<p>&nbsp;<\/p>\r\n<\/div>\r\n<div class=\"wp-block-column\"><!-- \/wp:image -->\r\n<!-- wp:separator -->\r\n<hr class=\"wp-block-separator has-alpha-channel-opacity\" \/><!-- \/wp:separator --><\/div>\r\n<!-- \/wp:column --><\/div>\r\n<!-- \/wp:columns -->\r\n<!-- wp:columns -->\r\n<div class=\"wp-block-columns\"><!-- wp:column -->\r\n<div class=\"wp-block-column\"><!-- wp:paragraph -->\r\n<p>&nbsp;<\/p>\r\n<!-- \/wp:paragraph -->\r\n<!-- wp:paragraph -->\r\n<p>&nbsp;<\/p>\r\n<!-- \/wp:paragraph -->\r\n<!-- wp:paragraph -->\r\n<p><strong>J\u00fcrgen Saumweber<br \/>\r\n<\/strong>Ausbildung Begleithunde<\/p>\r\n<!-- \/wp:paragraph --><\/div>\r\n<!-- \/wp:column -->\r\n<!-- wp:column -->\r\n<div class=\"wp-block-column\"><!-- wp:image {\"sizeSlug\":\"large\"} -->\r\n<figure class=\"wp-block-image size-large\"><img decoding=\"async\" src=\"https:\/\/www.hsv-leutkirch.info\/wp-content\/uploads\/2017\/03\/trainer_juergen-250x300.jpg\" alt=\"\" \/><\/figure>\r\n<!-- \/wp:image -->\r\n<!-- wp:separator -->\r\n<hr class=\"wp-block-separator has-alpha-channel-opacity\" \/><!-- \/wp:separator --><\/div>\r\n<!-- \/wp:column --><\/div>\r\n<!-- \/wp:columns -->\r\n<!-- wp:columns -->\r\n<div class=\"wp-block-columns\"><!-- wp:column -->\r\n<div class=\"wp-block-column\"><!-- wp:paragraph -->\r\n<p>&nbsp;<\/p>\r\n<!-- \/wp:paragraph -->\r\n<!-- wp:paragraph -->\r\n<p>&nbsp;<\/p>\r\n<!-- \/wp:paragraph -->\r\n<!-- wp:paragraph -->\r\n<p><strong>Jacky Siegl<br \/>\r\n<\/strong>Ausbildung Anf\u00e4nger<\/p>\r\n<!-- \/wp:paragraph --><\/div>\r\n<!-- \/wp:column -->\r\n<!-- wp:column -->\r\n<div class=\"wp-block-column\"><!-- wp:image {\"id\":2151,\"sizeSlug\":\"full\",\"linkDestination\":\"none\"} -->\r\n<figure class=\"wp-block-image size-full\"><img loading=\"lazy\" decoding=\"async\" width=\"250\" height=\"307\" class=\"wp-image-2151\" src=\"https:\/\/www.hsv-leutkirch.info\/wp-content\/uploads\/2022\/01\/jacky.jpg\" alt=\"\" srcset=\"https:\/\/www.hsv-leutkirch.info\/wp-content\/uploads\/2022\/01\/jacky.jpg 250w, https:\/\/www.hsv-leutkirch.info\/wp-content\/uploads\/2022\/01\/jacky-244x300.jpg 244w\" sizes=\"auto, (max-width: 250px) 100vw, 250px\" \/><\/figure>\r\n<!-- \/wp:image --><\/div>\r\n<!-- \/wp:column --><\/div>\r\n<!-- \/wp:columns -->\r\n<!-- wp:columns -->\r\n<div class=\"wp-block-columns\"><!-- wp:column -->\r\n<div class=\"wp-block-column\"><!-- wp:paragraph -->\r\n<p>&nbsp;<\/p>\r\n<!-- \/wp:paragraph -->\r\n<!-- wp:paragraph -->\r\n<p>&nbsp;<\/p>\r\n<!-- \/wp:paragraph -->\r\n<!-- wp:paragraph -->\r\n<p>Alena St\u00f6lzle<strong><br \/>\r\n<\/strong>Ausbildung Anf\u00e4nger<\/p>\r\n<!-- \/wp:paragraph --><\/div>\r\n<!-- \/wp:column -->\r\n<!-- wp:column -->\r\n<div class=\"wp-block-column\"><!-- wp:separator -->\r\n<hr class=\"wp-block-separator has-alpha-channel-opacity\" \/><!-- \/wp:separator -->\r\n<!-- wp:image {\"id\":2797,\"scale\":\"cover\",\"sizeSlug\":\"full\",\"linkDestination\":\"none\"} -->\r\n<figure class=\"wp-block-image size-full\"><img loading=\"lazy\" decoding=\"async\" width=\"255\" height=\"383\" class=\"wp-image-2797\" style=\"object-fit: cover;\" src=\"https:\/\/www.hsv-leutkirch.info\/wp-content\/uploads\/2024\/04\/trainer-alena.jpg\" alt=\"\" srcset=\"https:\/\/www.hsv-leutkirch.info\/wp-content\/uploads\/2024\/04\/trainer-alena.jpg 255w, https:\/\/www.hsv-leutkirch.info\/wp-content\/uploads\/2024\/04\/trainer-alena-200x300.jpg 200w\" sizes=\"auto, (max-width: 255px) 100vw, 255px\" \/><\/figure>\r\n<!-- \/wp:image -->\r\n<!-- wp:separator -->\r\n<hr class=\"wp-block-separator has-alpha-channel-opacity\" \/><!-- \/wp:separator --><\/div>\r\n<!-- \/wp:column --><\/div>\r\n<!-- \/wp:columns -->\r\n<!-- wp:columns -->\r\n<div class=\"wp-block-columns\"><!-- wp:column -->\r\n<div class=\"wp-block-column\"><!-- wp:paragraph -->\r\n<p>&nbsp;<\/p>\r\n<!-- \/wp:paragraph -->\r\n<!-- wp:paragraph -->\r\n<p>&nbsp;<\/p>\r\n<!-- \/wp:paragraph -->\r\n<!-- wp:paragraph -->\r\n<p><strong>Volker Ulrich<br \/>\r\n<\/strong>Ausbildung Begleithunde<\/p>\r\n<!-- \/wp:paragraph --><\/div>\r\n<!-- \/wp:column -->\r\n<!-- wp:column -->\r\n<div class=\"wp-block-column\"><!-- wp:image {\"sizeSlug\":\"large\"} -->\r\n<figure class=\"wp-block-image size-large\"><img decoding=\"async\" src=\"https:\/\/www.hsv-leutkirch.info\/wp-content\/uploads\/2019\/02\/trainer_volker-255x300.jpg\" alt=\"\" \/><\/figure>\r\n<!-- \/wp:image -->\r\n<!-- wp:separator -->\r\n<hr class=\"wp-block-separator has-alpha-channel-opacity\" \/><!-- \/wp:separator --><\/div>\r\n<!-- \/wp:column --><\/div>\r\n<!-- \/wp:columns -->\r\n<!-- wp:columns -->\r\n<div class=\"wp-block-columns\"><!-- wp:column -->\r\n<div class=\"wp-block-column\"><!-- wp:paragraph -->\r\n<p>&nbsp;<\/p>\r\n<!-- \/wp:paragraph -->\r\n<!-- wp:paragraph -->\r\n<p>&nbsp;<\/p>\r\n<!-- \/wp:paragraph -->\r\n<!-- wp:paragraph -->\r\n<p><strong>Birgit Welte mit Dustin<br \/>\r\n<\/strong>Ausbildung Obedience<\/p>\r\n<!-- \/wp:paragraph --><\/div>\r\n<!-- \/wp:column -->\r\n<!-- wp:column -->\r\n<div class=\"wp-block-column\"><!-- wp:image {\"id\":2299,\"sizeSlug\":\"full\",\"linkDestination\":\"none\"} -->\r\n<figure class=\"wp-block-image size-full\"><img loading=\"lazy\" decoding=\"async\" width=\"255\" height=\"300\" class=\"wp-image-2299\" src=\"https:\/\/www.hsv-leutkirch.info\/wp-content\/uploads\/2022\/06\/trainer-birgit.jpg\" alt=\"\" \/><\/figure>\r\n<!-- \/wp:image -->\r\n<!-- wp:separator -->\r\n<hr class=\"wp-block-separator has-alpha-channel-opacity\" \/><!-- \/wp:separator --><\/div>\r\n<!-- \/wp:column --><\/div>\r\n<!-- \/wp:columns -->","protected":false},"excerpt":{"rendered":"<p>\u00a0 \u00a0 &nbsp; &nbsp; Helga Dorn mit Hovawart Bhanu vom wilden W\u00e4chter Ausbildung Begleithunde &nbsp; &nbsp; Yvonne Reder mit Finn und Amy Ausbildung Anf\u00e4nger, Fortgeschrittene und THS &nbsp; &nbsp; Martina Peter mit M\u00fcnsterl\u00e4nder Anton Ausbildung Welpen, Obedience und Rally Obedience Sabine P\u00f6ppel mit Pepper Ausbildung Welpen &nbsp; &nbsp; J\u00fcrgen Saumweber<a class=\"read-more\" href=\"https:\/\/www.hsv-leutkirch.info\/index.php\/trainer\/\"> mehr&#8230;<\/a><\/p>\n","protected":false},"author":1,"featured_media":0,"parent":0,"menu_order":0,"comment_status":"closed","ping_status":"closed","template":"","meta":{"_acf_changed":false,"footnotes":""},"class_list":["post-101","page","type-page","status-publish","hentry"],"acf":[],"_links":{"self":[{"href":"https:\/\/www.hsv-leutkirch.info\/index.php\/wp-json\/wp\/v2\/pages\/101","targetHints":{"allow":["GET"]}}],"collection":[{"href":"https:\/\/www.hsv-leutkirch.info\/index.php\/wp-json\/wp\/v2\/pages"}],"about":[{"href":"https:\/\/www.hsv-leutkirch.info\/index.php\/wp-json\/wp\/v2\/types\/page"}],"author":[{"embeddable":true,"href":"https:\/\/www.hsv-leutkirch.info\/index.php\/wp-json\/wp\/v2\/users\/1"}],"replies":[{"embeddable":true,"href":"https:\/\/www.hsv-leutkirch.info\/index.php\/wp-json\/wp\/v2\/comments?post=101"}],"version-history":[{"count":144,"href":"https:\/\/www.hsv-leutkirch.info\/index.php\/wp-json\/wp\/v2\/pages\/101\/revisions"}],"predecessor-version":[{"id":3181,"href":"https:\/\/www.hsv-leutkirch.info\/index.php\/wp-json\/wp\/v2\/pages\/101\/revisions\/3181"}],"wp:attachment":[{"href":"https:\/\/www.hsv-leutkirch.info\/index.php\/wp-json\/wp\/v2\/media?parent=101"}],"curies":[{"name":"wp","href":"https:\/\/api.w.org\/{rel}","templated":true}]}}